{"id":1340,"date":"2021-01-24T11:47:50","date_gmt":"2021-01-24T10:47:50","guid":{"rendered":"http:\/\/medioambiente.llanera.es\/?page_id=1340"},"modified":"2021-03-09T08:48:36","modified_gmt":"2021-03-09T07:48:36","slug":"senderos","status":"publish","type":"page","link":"https:\/\/medioambiente.llanera.es\/?page_id=1340","title":{"rendered":"Senderos"},"content":{"rendered":"\t\t<div data-elementor-type=\"wp-page\" data-elementor-id=\"1340\" class=\"elementor elementor-1340\" data-elementor-settings=\"[]\">\n\t\t\t\t\t\t<div class=\"elementor-inner\">\n\t\t\t\t\t\t\t<div class=\"elementor-section-wrap\">\n\t\t\t\t\t\t\t<section class=\"elementor-section elementor-top-section elementor-element elementor-element-c4f60e1 elementor-section-boxed elementor-section-height-default elementor-section-height-default\" data-id=\"c4f60e1\" data-element_type=\"section\">\n\t\t\t\t\t\t<div class=\"elementor-container elementor-column-gap-default\">\n\t\t\t\t\t\t\t<div class=\"elementor-row\">\n\t\t\t\t\t<div class=\"elementor-column elementor-col-33 elementor-top-column elementor-element elementor-element-b280661\" data-id=\"b280661\" data-element_type=\"column\">\n\t\t\t<div class=\"elementor-column-wrap\">\n\t\t\t\t\t\t\t<div class=\"elementor-widget-wrap\">\n\t\t\t\t\t\t\t\t<\/div>\n\t\t\t\t\t<\/div>\n\t\t<\/div>\n\t\t\t\t<div class=\"elementor-column elementor-col-33 elementor-top-column elementor-element elementor-element-6ead7f8 elementor-invisible\" data-id=\"6ead7f8\" data-element_type=\"column\" data-settings=\"{&quot;background_background&quot;:&quot;classic&quot;,&quot;animation&quot;:&quot;fadeIn&quot;}\">\n\t\t\t<div class=\"elementor-column-wrap elementor-element-populated\">\n\t\t\t\t\t<div class=\"elementor-background-overlay\"><\/div>\n\t\t\t\t\t\t\t<div class=\"elementor-widget-wrap\">\n\t\t\t\t\t\t<div class=\"elementor-element elementor-element-abd2c10 elementor-align-center elementor-widget elementor-widget-button\" data-id=\"abd2c10\" data-element_type=\"widget\" data-widget_type=\"button.default\">\n\t\t\t\t<div class=\"elementor-widget-container\">\n\t\t\t\t\t<div class=\"elementor-button-wrapper\">\n\t\t\t<a href=\"http:\/\/medioambiente.llanera.es\/?page_id=1357\" class=\"elementor-button-link elementor-button elementor-size-md elementor-animation-skew-forward\" role=\"button\">\n\t\t\t\t\t\t<span class=\"elementor-button-content-wrapper\">\n\t\t\t\t\t\t<span class=\"elementor-button-icon elementor-align-icon-left\">\n\t\t\t\t<i aria-hidden=\"true\" class=\"fas fa-map-signs\"><\/i>\t\t\t<\/span>\n\t\t\t\t\t\t<span class=\"elementor-button-text\">Logos y Se\u00f1alizaci\u00f3n de Rutas y \u00c1reas Recreativas<\/span>\n\t\t<\/span>\n\t\t\t\t\t<\/a>\n\t\t<\/div>\n\t\t\t\t<\/div>\n\t\t\t\t<\/div>\n\t\t\t\t\t\t<\/div>\n\t\t\t\t\t<\/div>\n\t\t<\/div>\n\t\t\t\t<div class=\"elementor-column elementor-col-33 elementor-top-column elementor-element elementor-element-b17082e\" data-id=\"b17082e\" data-element_type=\"column\">\n\t\t\t<div class=\"elementor-column-wrap\">\n\t\t\t\t\t\t\t<div class=\"elementor-widget-wrap\">\n\t\t\t\t\t\t\t\t<\/div>\n\t\t\t\t\t<\/div>\n\t\t<\/div>\n\t\t\t\t\t\t\t\t<\/div>\n\t\t\t\t\t<\/div>\n\t\t<\/section>\n\t\t\t\t<section class=\"elementor-section elementor-top-section elementor-element elementor-element-2b36047 elementor-section-boxed elementor-section-height-default elementor-section-height-default\" data-id=\"2b36047\" data-element_type=\"section\">\n\t\t\t\t\t\t<div class=\"elementor-container elementor-column-gap-default\">\n\t\t\t\t\t\t\t<div class=\"elementor-row\">\n\t\t\t\t\t<div class=\"elementor-column elementor-col-50 elementor-top-column elementor-element elementor-element-5a2b45f\" data-id=\"5a2b45f\" data-element_type=\"column\">\n\t\t\t<div class=\"elementor-column-wrap elementor-element-populated\">\n\t\t\t\t\t\t\t<div class=\"elementor-widget-wrap\">\n\t\t\t\t\t\t<div class=\"elementor-element elementor-element-a4710b7 elementor-widget elementor-widget-heading\" data-id=\"a4710b7\" data-element_type=\"widget\" data-widget_type=\"heading.default\">\n\t\t\t\t<div class=\"elementor-widget-container\">\n\t\t\t<h4 class=\"elementor-heading-title elementor-size-default\">Rutas y Sendas<\/h4>\t\t<\/div>\n\t\t\t\t<\/div>\n\t\t\t\t<div class=\"elementor-element elementor-element-504ea7d elementor-widget elementor-widget-image\" data-id=\"504ea7d\" data-element_type=\"widget\" data-widget_type=\"image.default\">\n\t\t\t\t<div class=\"elementor-widget-container\">\n\t\t\t\t\t\t\t\t<div class=\"elementor-image\">\n\t\t\t\t\t\t\t\t\t\t\t\t\t<a href=\"http:\/\/medioambiente.llanera.es\/wp-content\/uploads\/2021\/03\/rutas1.jpg\" data-elementor-open-lightbox=\"yes\" data-elementor-lightbox-title=\"rutas1\" e-action-hash=\"#elementor-action%3Aaction%3Dlightbox%26settings%3DeyJpZCI6MjY3MywidXJsIjoiaHR0cHM6XC9cL21lZGlvYW1iaWVudGUubGxhbmVyYS5lc1wvd3AtY29udGVudFwvdXBsb2Fkc1wvMjAyMVwvMDNcL3J1dGFzMS5qcGcifQ%3D%3D\">\n\t\t\t\t\t\t\t<img src=\"https:\/\/medioambiente.llanera.es\/wp-content\/uploads\/2021\/03\/rutas1.jpg\" title=\"rutas1\" alt=\"rutas1\" \/>\t\t\t\t\t\t\t\t<\/a>\n\t\t\t\t\t\t\t\t\t\t\t\t\t\t<\/div>\n\t\t\t\t\t\t<\/div>\n\t\t\t\t<\/div>\n\t\t\t\t<div class=\"elementor-element elementor-element-e0cc1d6 elementor-align-center elementor-widget elementor-widget-button\" data-id=\"e0cc1d6\" data-element_type=\"widget\" data-widget_type=\"button.default\">\n\t\t\t\t<div class=\"elementor-widget-container\">\n\t\t\t\t\t<div class=\"elementor-button-wrapper\">\n\t\t\t<a href=\"https:\/\/www.llanera.es\/senderismo\" target=\"_blank\" class=\"elementor-button-link elementor-button elementor-size-sm elementor-animation-skew-forward\" role=\"button\">\n\t\t\t\t\t\t<span class=\"elementor-button-content-wrapper\">\n\t\t\t\t\t\t<span class=\"elementor-button-icon elementor-align-icon-left\">\n\t\t\t\t<i aria-hidden=\"true\" class=\"far fa-eye\"><\/i>\t\t\t<\/span>\n\t\t\t\t\t\t<span class=\"elementor-button-text\">Ver Las Rutas y Sendas<\/span>\n\t\t<\/span>\n\t\t\t\t\t<\/a>\n\t\t<\/div>\n\t\t\t\t<\/div>\n\t\t\t\t<\/div>\n\t\t\t\t\t\t<\/div>\n\t\t\t\t\t<\/div>\n\t\t<\/div>\n\t\t\t\t<div class=\"elementor-column elementor-col-50 elementor-top-column elementor-element elementor-element-da73095\" data-id=\"da73095\" data-element_type=\"column\">\n\t\t\t<div class=\"elementor-column-wrap elementor-element-populated\">\n\t\t\t\t\t\t\t<div class=\"elementor-widget-wrap\">\n\t\t\t\t\t\t<div class=\"elementor-element elementor-element-55773bc elementor-widget elementor-widget-heading\" data-id=\"55773bc\" data-element_type=\"widget\" data-widget_type=\"heading.default\">\n\t\t\t\t<div class=\"elementor-widget-container\">\n\t\t\t<h4 class=\"elementor-heading-title elementor-size-default\">\u00c1reas Recreativas<\/h4>\t\t<\/div>\n\t\t\t\t<\/div>\n\t\t\t\t<div class=\"elementor-element elementor-element-fafdd93 elementor-widget elementor-widget-image\" data-id=\"fafdd93\" data-element_type=\"widget\" data-widget_type=\"image.default\">\n\t\t\t\t<div class=\"elementor-widget-container\">\n\t\t\t\t\t\t\t\t<div class=\"elementor-image\">\n\t\t\t\t\t\t\t\t\t\t\t\t\t<a href=\"http:\/\/medioambiente.llanera.es\/wp-content\/uploads\/2021\/01\/mapaconcejoareas.jpg\" data-elementor-open-lightbox=\"yes\" data-elementor-lightbox-title=\"mapaconcejoareas\" e-action-hash=\"#elementor-action%3Aaction%3Dlightbox%26settings%3DeyJpZCI6MTQwOCwidXJsIjoiaHR0cHM6XC9cL21lZGlvYW1iaWVudGUubGxhbmVyYS5lc1wvd3AtY29udGVudFwvdXBsb2Fkc1wvMjAyMVwvMDFcL21hcGFjb25jZWpvYXJlYXMuanBnIn0%3D\">\n\t\t\t\t\t\t\t<img width=\"1024\" height=\"1024\" src=\"https:\/\/medioambiente.llanera.es\/wp-content\/uploads\/2021\/01\/mapaconcejoareas.jpg\" class=\"attachment-large size-large\" alt=\"\" loading=\"lazy\" srcset=\"https:\/\/medioambiente.llanera.es\/wp-content\/uploads\/2021\/01\/mapaconcejoareas.jpg 1024w, https:\/\/medioambiente.llanera.es\/wp-content\/uploads\/2021\/01\/mapaconcejoareas-300x300.jpg 300w, https:\/\/medioambiente.llanera.es\/wp-content\/uploads\/2021\/01\/mapaconcejoareas-150x150.jpg 150w, https:\/\/medioambiente.llanera.es\/wp-content\/uploads\/2021\/01\/mapaconcejoareas-768x768.jpg 768w, https:\/\/medioambiente.llanera.es\/wp-content\/uploads\/2021\/01\/mapaconcejoareas-600x600.jpg 600w\" sizes=\"(max-width: 1024px) 100vw, 1024px\" \/>\t\t\t\t\t\t\t\t<\/a>\n\t\t\t\t\t\t\t\t\t\t\t\t\t\t<\/div>\n\t\t\t\t\t\t<\/div>\n\t\t\t\t<\/div>\n\t\t\t\t\t\t<\/div>\n\t\t\t\t\t<\/div>\n\t\t<\/div>\n\t\t\t\t\t\t\t\t<\/div>\n\t\t\t\t\t<\/div>\n\t\t<\/section>\n\t\t\t\t\t\t<\/div>\n\t\t\t\t\t\t<\/div>\n\t\t\t\t\t<\/div>\n\t\t","protected":false},"excerpt":{"rendered":"<p>Logos y Se\u00f1alizaci\u00f3n de Rutas y \u00c1reas Recreativas Rutas y Sendas Ver Las Rutas y Sendas \u00c1reas Recreativas<\/p>\n","protected":false},"author":3,"featured_media":0,"parent":0,"menu_order":0,"comment_status":"closed","ping_status":"closed","template":"elementor_header_footer","meta":[],"yoast_head":"<!-- This site is optimized with the Yoast SEO plugin v18.3 - https:\/\/yoast.com\/wordpress\/plugins\/seo\/ -->\r\n<title>Senderos -<\/title>\r\n<meta name=\"robots\" content=\"index, follow, max-snippet:-1, max-image-preview:large, max-video-preview:-1\" \/>\r\n<link rel=\"canonical\" href=\"http:\/\/medioambiente.llanera.es\/?page_id=1340\" \/>\r\n<meta property=\"og:locale\" content=\"es_ES\" \/>\r\n<meta property=\"og:type\" content=\"article\" \/>\r\n<meta property=\"og:title\" content=\"Senderos -\" \/>\r\n<meta property=\"og:description\" content=\"Logos y Se\u00f1alizaci\u00f3n de Rutas y \u00c1reas Recreativas Rutas y Sendas Ver Las Rutas y Sendas \u00c1reas Recreativas\" \/>\r\n<meta property=\"og:url\" content=\"http:\/\/medioambiente.llanera.es\/?page_id=1340\" \/>\r\n<meta property=\"article:modified_time\" content=\"2021-03-09T07:48:36+00:00\" \/>\r\n<meta property=\"og:image\" content=\"http:\/\/medioambiente.llanera.es\/wp-content\/uploads\/elementor\/thumbs\/rutas1-p3ydgwjnr9nz3k75q2gupbhgzip2pz50rc2rsh2zgw.jpg\" \/>\r\n<meta name=\"twitter:card\" content=\"summary_large_image\" \/>\r\n<script type=\"application\/ld+json\" class=\"yoast-schema-graph\">{\"@context\":\"https:\/\/schema.org\",\"@graph\":[{\"@type\":\"Organization\",\"@id\":\"http:\/\/medioambiente.llanera.es\/#organization\",\"name\":\"Ayuntamiento de Llanera\",\"url\":\"http:\/\/medioambiente.llanera.es\/\",\"sameAs\":[],\"logo\":{\"@type\":\"ImageObject\",\"@id\":\"http:\/\/medioambiente.llanera.es\/#logo\",\"inLanguage\":\"es\",\"url\":\"http:\/\/medioambiente.llanera.es\/wp-content\/uploads\/2021\/05\/escudop1.jpg\",\"contentUrl\":\"http:\/\/medioambiente.llanera.es\/wp-content\/uploads\/2021\/05\/escudop1.jpg\",\"width\":200,\"height\":150,\"caption\":\"Ayuntamiento de Llanera\"},\"image\":{\"@id\":\"http:\/\/medioambiente.llanera.es\/#logo\"}},{\"@type\":\"WebSite\",\"@id\":\"http:\/\/medioambiente.llanera.es\/#website\",\"url\":\"http:\/\/medioambiente.llanera.es\/\",\"name\":\"\",\"description\":\"\",\"publisher\":{\"@id\":\"http:\/\/medioambiente.llanera.es\/#organization\"},\"potentialAction\":[{\"@type\":\"SearchAction\",\"target\":{\"@type\":\"EntryPoint\",\"urlTemplate\":\"http:\/\/medioambiente.llanera.es\/?s={search_term_string}\"},\"query-input\":\"required name=search_term_string\"}],\"inLanguage\":\"es\"},{\"@type\":\"ImageObject\",\"@id\":\"http:\/\/medioambiente.llanera.es\/?page_id=1340#primaryimage\",\"inLanguage\":\"es\",\"url\":\"http:\/\/medioambiente.llanera.es\/wp-content\/uploads\/elementor\/thumbs\/rutas1-p3ydgwjnr9nz3k75q2gupbhgzip2pz50rc2rsh2zgw.jpg\",\"contentUrl\":\"http:\/\/medioambiente.llanera.es\/wp-content\/uploads\/elementor\/thumbs\/rutas1-p3ydgwjnr9nz3k75q2gupbhgzip2pz50rc2rsh2zgw.jpg\"},{\"@type\":\"WebPage\",\"@id\":\"http:\/\/medioambiente.llanera.es\/?page_id=1340#webpage\",\"url\":\"http:\/\/medioambiente.llanera.es\/?page_id=1340\",\"name\":\"Senderos -\",\"isPartOf\":{\"@id\":\"http:\/\/medioambiente.llanera.es\/#website\"},\"primaryImageOfPage\":{\"@id\":\"http:\/\/medioambiente.llanera.es\/?page_id=1340#primaryimage\"},\"datePublished\":\"2021-01-24T10:47:50+00:00\",\"dateModified\":\"2021-03-09T07:48:36+00:00\",\"breadcrumb\":{\"@id\":\"http:\/\/medioambiente.llanera.es\/?page_id=1340#breadcrumb\"},\"inLanguage\":\"es\",\"potentialAction\":[{\"@type\":\"ReadAction\",\"target\":[\"http:\/\/medioambiente.llanera.es\/?page_id=1340\"]}]},{\"@type\":\"BreadcrumbList\",\"@id\":\"http:\/\/medioambiente.llanera.es\/?page_id=1340#breadcrumb\",\"itemListElement\":[{\"@type\":\"ListItem\",\"position\":1,\"name\":\"Portada\",\"item\":\"http:\/\/medioambiente.llanera.es\/\"},{\"@type\":\"ListItem\",\"position\":2,\"name\":\"Senderos\"}]}]}<\/script>\r\n<!-- \/ Yoast SEO plugin. -->","yoast_head_json":{"title":"Senderos -","robots":{"index":"index","follow":"follow","max-snippet":"max-snippet:-1","max-image-preview":"max-image-preview:large","max-video-preview":"max-video-preview:-1"},"canonical":"http:\/\/medioambiente.llanera.es\/?page_id=1340","og_locale":"es_ES","og_type":"article","og_title":"Senderos -","og_description":"Logos y Se\u00f1alizaci\u00f3n de Rutas y \u00c1reas Recreativas Rutas y Sendas Ver Las Rutas y Sendas \u00c1reas Recreativas","og_url":"http:\/\/medioambiente.llanera.es\/?page_id=1340","article_modified_time":"2021-03-09T07:48:36+00:00","og_image":[{"url":"http:\/\/medioambiente.llanera.es\/wp-content\/uploads\/elementor\/thumbs\/rutas1-p3ydgwjnr9nz3k75q2gupbhgzip2pz50rc2rsh2zgw.jpg"}],"twitter_card":"summary_large_image","schema":{"@context":"https:\/\/schema.org","@graph":[{"@type":"Organization","@id":"http:\/\/medioambiente.llanera.es\/#organization","name":"Ayuntamiento de Llanera","url":"http:\/\/medioambiente.llanera.es\/","sameAs":[],"logo":{"@type":"ImageObject","@id":"http:\/\/medioambiente.llanera.es\/#logo","inLanguage":"es","url":"http:\/\/medioambiente.llanera.es\/wp-content\/uploads\/2021\/05\/escudop1.jpg","contentUrl":"http:\/\/medioambiente.llanera.es\/wp-content\/uploads\/2021\/05\/escudop1.jpg","width":200,"height":150,"caption":"Ayuntamiento de Llanera"},"image":{"@id":"http:\/\/medioambiente.llanera.es\/#logo"}},{"@type":"WebSite","@id":"http:\/\/medioambiente.llanera.es\/#website","url":"http:\/\/medioambiente.llanera.es\/","name":"","description":"","publisher":{"@id":"http:\/\/medioambiente.llanera.es\/#organization"},"potentialAction":[{"@type":"SearchAction","target":{"@type":"EntryPoint","urlTemplate":"http:\/\/medioambiente.llanera.es\/?s={search_term_string}"},"query-input":"required name=search_term_string"}],"inLanguage":"es"},{"@type":"ImageObject","@id":"http:\/\/medioambiente.llanera.es\/?page_id=1340#primaryimage","inLanguage":"es","url":"http:\/\/medioambiente.llanera.es\/wp-content\/uploads\/elementor\/thumbs\/rutas1-p3ydgwjnr9nz3k75q2gupbhgzip2pz50rc2rsh2zgw.jpg","contentUrl":"http:\/\/medioambiente.llanera.es\/wp-content\/uploads\/elementor\/thumbs\/rutas1-p3ydgwjnr9nz3k75q2gupbhgzip2pz50rc2rsh2zgw.jpg"},{"@type":"WebPage","@id":"http:\/\/medioambiente.llanera.es\/?page_id=1340#webpage","url":"http:\/\/medioambiente.llanera.es\/?page_id=1340","name":"Senderos -","isPartOf":{"@id":"http:\/\/medioambiente.llanera.es\/#website"},"primaryImageOfPage":{"@id":"http:\/\/medioambiente.llanera.es\/?page_id=1340#primaryimage"},"datePublished":"2021-01-24T10:47:50+00:00","dateModified":"2021-03-09T07:48:36+00:00","breadcrumb":{"@id":"http:\/\/medioambiente.llanera.es\/?page_id=1340#breadcrumb"},"inLanguage":"es","potentialAction":[{"@type":"ReadAction","target":["http:\/\/medioambiente.llanera.es\/?page_id=1340"]}]},{"@type":"BreadcrumbList","@id":"http:\/\/medioambiente.llanera.es\/?page_id=1340#breadcrumb","itemListElement":[{"@type":"ListItem","position":1,"name":"Portada","item":"http:\/\/medioambiente.llanera.es\/"},{"@type":"ListItem","position":2,"name":"Senderos"}]}]}},"blog_post_layout_featured_media_urls":{"thumbnail":"","full":""},"categories_names":null,"comments_number":"0","wpmagazine_modules_lite_featured_media_urls":{"thumbnail":"","cvmm-medium":"","cvmm-medium-plus":"","cvmm-portrait":"","cvmm-medium-square":"","cvmm-large":"","cvmm-small":"","full":""},"_links":{"self":[{"href":"https:\/\/medioambiente.llanera.es\/index.php?rest_route=\/wp\/v2\/pages\/1340"}],"collection":[{"href":"https:\/\/medioambiente.llanera.es\/index.php?rest_route=\/wp\/v2\/pages"}],"about":[{"href":"https:\/\/medioambiente.llanera.es\/index.php?rest_route=\/wp\/v2\/types\/page"}],"author":[{"embeddable":true,"href":"https:\/\/medioambiente.llanera.es\/index.php?rest_route=\/wp\/v2\/users\/3"}],"replies":[{"embeddable":true,"href":"https:\/\/medioambiente.llanera.es\/index.php?rest_route=%2Fwp%2Fv2%2Fcomments&post=1340"}],"version-history":[{"count":103,"href":"https:\/\/medioambiente.llanera.es\/index.php?rest_route=\/wp\/v2\/pages\/1340\/revisions"}],"predecessor-version":[{"id":2676,"href":"https:\/\/medioambiente.llanera.es\/index.php?rest_route=\/wp\/v2\/pages\/1340\/revisions\/2676"}],"wp:attachment":[{"href":"https:\/\/medioambiente.llanera.es\/index.php?rest_route=%2Fwp%2Fv2%2Fmedia&parent=1340"}],"curies":[{"name":"wp","href":"https:\/\/api.w.org\/{rel}","templated":true}]}}