{"id":1949,"date":"2021-02-09T19:31:25","date_gmt":"2021-02-09T18:31:25","guid":{"rendered":"http:\/\/medioambiente.llanera.es\/?page_id=1949"},"modified":"2021-03-08T12:16:53","modified_gmt":"2021-03-08T11:16:53","slug":"saneamiento","status":"publish","type":"page","link":"http:\/\/medioambiente.llanera.es\/?page_id=1949","title":{"rendered":"Saneamiento"},"content":{"rendered":"\t\t<div data-elementor-type=\"wp-page\" data-elementor-id=\"1949\" class=\"elementor elementor-1949\" data-elementor-settings=\"[]\">\n\t\t\t\t\t\t<div class=\"elementor-inner\">\n\t\t\t\t\t\t\t<div class=\"elementor-section-wrap\">\n\t\t\t\t\t\t\t<section class=\"elementor-section elementor-top-section elementor-element elementor-element-fb64938 elementor-section-boxed elementor-section-height-default elementor-section-height-default\" data-id=\"fb64938\" data-element_type=\"section\">\n\t\t\t\t\t\t<div class=\"elementor-container elementor-column-gap-default\">\n\t\t\t\t\t\t\t<div class=\"elementor-row\">\n\t\t\t\t\t<div class=\"elementor-column elementor-col-100 elementor-top-column elementor-element elementor-element-f57e7bb\" data-id=\"f57e7bb\" data-element_type=\"column\">\n\t\t\t<div class=\"elementor-column-wrap elementor-element-populated\">\n\t\t\t\t\t\t\t<div class=\"elementor-widget-wrap\">\n\t\t\t\t\t\t<div class=\"elementor-element elementor-element-cc999d8 elementor-widget elementor-widget-heading\" data-id=\"cc999d8\" data-element_type=\"widget\" data-widget_type=\"heading.default\">\n\t\t\t\t<div class=\"elementor-widget-container\">\n\t\t\t<h2 class=\"elementor-heading-title elementor-size-default\">Sistemas de Saneamiento Principales<\/h2>\t\t<\/div>\n\t\t\t\t<\/div>\n\t\t\t\t<section class=\"elementor-section elementor-inner-section elementor-element elementor-element-538d169 elementor-section-boxed elementor-section-height-default elementor-section-height-default\" data-id=\"538d169\" data-element_type=\"section\">\n\t\t\t\t\t\t<div class=\"elementor-container elementor-column-gap-default\">\n\t\t\t\t\t\t\t<div class=\"elementor-row\">\n\t\t\t\t\t<div class=\"elementor-column elementor-col-50 elementor-inner-column elementor-element elementor-element-7bb8051\" data-id=\"7bb8051\" data-element_type=\"column\">\n\t\t\t<div class=\"elementor-column-wrap elementor-element-populated\">\n\t\t\t\t\t\t\t<div class=\"elementor-widget-wrap\">\n\t\t\t\t\t\t<div class=\"elementor-element elementor-element-5d2ad19 elementor-widget elementor-widget-text-editor\" data-id=\"5d2ad19\" data-element_type=\"widget\" data-widget_type=\"text-editor.default\">\n\t\t\t\t<div class=\"elementor-widget-container\">\n\t\t\t\t\t\t\t\t<div class=\"elementor-text-editor elementor-clearfix\">\n\t\t\t\t<p style=\"text-align: left;\" align=\"justify\"><span style=\"color: #5c1c15;\">El saneamiento incluye los servicios de recogida de aguas residuales y su depuraci\u00f3n. El primero comprende las funciones de evacuaci\u00f3n y transporte de aguas residuales y pluviales y su incorporaci\u00f3n a los colectores interceptores generales existentes en el Principado de Asturias. El segundo la depuraci\u00f3n y vertido final a los medios receptores.<\/span><\/p><p style=\"text-align: left;\" align=\"justify\"><span style=\"color: #5c1c15;\">Para comprender la distribuci\u00f3n de competencias, es necesario definir los principales elementos de un sistema de depuraci\u00f3n, que son:<\/span><\/p><p style=\"text-align: left;\" align=\"justify\"><span style=\"color: #5c1c15;\">\u25cf La red de colectores locales con incorporaciones de acometidas de saneamiento y de alcantarillado existentes en los n\u00facleos de poblaci\u00f3n.<\/span><br \/><span style=\"color: #5c1c15;\">\u25cf Los colectores interceptores que permiten conectar varios n\u00facleos para su depuraci\u00f3n conjunta.<\/span><br \/><span style=\"color: #5c1c15;\">\u25cf Las estaciones depuradoras de aguas residuales.<\/span><\/p><p style=\"text-align: left;\" align=\"justify\"><span style=\"color: #5c1c15;\">-En la actualidad el Sistema de Saneamiento y Depuraci\u00f3n de Villabona presta servicio a los n\u00facleos de poblaci\u00f3n del municipio de Llanera: La Miranda, Veyo, Villabona, La Rotella y La Vega, disponiendo para ello, adem\u00e1s de la EDAR Villabona; de 4 aliviaderos con tanque de retenci\u00f3n, unido mediante un sistema colectores interceptores y ramales secundarios de los cuales solo han sido objeto de encomienda 3,59 km.<\/span><\/p><p style=\"text-align: center;\" align=\"justify\"><span style=\"color: #5c1c15;\">Edar de Villaperez<\/span><\/p><p align=\"justify\"><span style=\"color: #5c1c15;\">En la actualidad el sistema p\u00fablico de saneamiento de la cuencas de los r\u00edos Nora y Nore\u00f1a presta servicio a los municipios de Nava, Sariego, Siero, Nore\u00f1a, Llanera y Oviedo, disponiendo para ello adem\u00e1s de la EDAR de Villap\u00e9rez, de 51 estanques de tormenta dotados de aliviadero, 4 arquetas aliviadero y 9 estaciones de bombeo de aguas residuales, todo ello unido mediante un sistema de colectores interceptores y colectores generales de 68,24 km y 918 pozos de registro.<\/span><\/p>\t\t\t\t\t<\/div>\n\t\t\t\t\t\t<\/div>\n\t\t\t\t<\/div>\n\t\t\t\t\t\t<\/div>\n\t\t\t\t\t<\/div>\n\t\t<\/div>\n\t\t\t\t<div class=\"elementor-column elementor-col-50 elementor-inner-column elementor-element elementor-element-5875f0e\" data-id=\"5875f0e\" data-element_type=\"column\">\n\t\t\t<div class=\"elementor-column-wrap elementor-element-populated\">\n\t\t\t\t\t\t\t<div class=\"elementor-widget-wrap\">\n\t\t\t\t\t\t<div class=\"elementor-element elementor-element-c2e87fc elementor-widget elementor-widget-image\" data-id=\"c2e87fc\" data-element_type=\"widget\" data-widget_type=\"image.default\">\n\t\t\t\t<div class=\"elementor-widget-container\">\n\t\t\t\t\t\t\t\t<div class=\"elementor-image\">\n\t\t\t\t\t\t\t\t\t\t\t\t\t<a href=\"http:\/\/medioambiente.llanera.es\/wp-content\/uploads\/2021\/03\/saneamiento-1.jpg\" data-elementor-open-lightbox=\"yes\" data-elementor-lightbox-title=\"saneamiento (1)\" e-action-hash=\"#elementor-action%3Aaction%3Dlightbox%26settings%3DeyJpZCI6MjYyNiwidXJsIjoiaHR0cDpcL1wvbWVkaW9hbWJpZW50ZS5sbGFuZXJhLmVzXC93cC1jb250ZW50XC91cGxvYWRzXC8yMDIxXC8wM1wvc2FuZWFtaWVudG8tMS5qcGcifQ%3D%3D\">\n\t\t\t\t\t\t\t<img width=\"1024\" height=\"728\" src=\"http:\/\/medioambiente.llanera.es\/wp-content\/uploads\/2021\/03\/saneamiento-1-1024x728.jpg\" class=\"attachment-large size-large\" alt=\"\" loading=\"lazy\" srcset=\"http:\/\/medioambiente.llanera.es\/wp-content\/uploads\/2021\/03\/saneamiento-1-1024x728.jpg 1024w, http:\/\/medioambiente.llanera.es\/wp-content\/uploads\/2021\/03\/saneamiento-1-300x213.jpg 300w, http:\/\/medioambiente.llanera.es\/wp-content\/uploads\/2021\/03\/saneamiento-1-768x546.jpg 768w, http:\/\/medioambiente.llanera.es\/wp-content\/uploads\/2021\/03\/saneamiento-1.jpg 1280w\" sizes=\"(max-width: 1024px) 100vw, 1024px\" \/>\t\t\t\t\t\t\t\t<\/a>\n\t\t\t\t\t\t\t\t\t\t\t\t\t\t<\/div>\n\t\t\t\t\t\t<\/div>\n\t\t\t\t<\/div>\n\t\t\t\t<div class=\"elementor-element elementor-element-7fb06e6 elementor-widget elementor-widget-text-editor\" data-id=\"7fb06e6\" data-element_type=\"widget\" data-widget_type=\"text-editor.default\">\n\t\t\t\t<div class=\"elementor-widget-container\">\n\t\t\t\t\t\t\t\t<div class=\"elementor-text-editor elementor-clearfix\">\n\t\t\t\t<p style=\"text-align: center;\"><span style=\"color: #5c1c15;\">Edar de Villabona<\/span><\/p><p style=\"text-align: left;\"><span style=\"color: #5c1c15;\">En la actualidad el Sistema de Saneamiento y Depuraci\u00f3n de Villabona presta servicio a los n\u00facleos de poblaci\u00f3n del municipio de Llanera: La Miranda, Veyo, Villabona, La Rotella y La Vega, disponiendo para ello, adem\u00e1s de la EDAR Villabona; de 4 aliviaderos con tanque de retenci\u00f3n, unido mediante un sistema colectores interceptores y ramales secundarios de los cuales solo han sido objeto de encomienda 3,59 km.<\/span><\/p>\t\t\t\t\t<\/div>\n\t\t\t\t\t\t<\/div>\n\t\t\t\t<\/div>\n\t\t\t\t\t\t<\/div>\n\t\t\t\t\t<\/div>\n\t\t<\/div>\n\t\t\t\t\t\t\t\t<\/div>\n\t\t\t\t\t<\/div>\n\t\t<\/section>\n\t\t\t\t\t\t<\/div>\n\t\t\t\t\t<\/div>\n\t\t<\/div>\n\t\t\t\t\t\t\t\t<\/div>\n\t\t\t\t\t<\/div>\n\t\t<\/section>\n\t\t\t\t<section class=\"elementor-section elementor-top-section elementor-element elementor-element-c8ad8b8 elementor-section-boxed elementor-section-height-default elementor-section-height-default\" data-id=\"c8ad8b8\" data-element_type=\"section\">\n\t\t\t\t\t\t<div class=\"elementor-container elementor-column-gap-default\">\n\t\t\t\t\t\t\t<div class=\"elementor-row\">\n\t\t\t\t\t<div class=\"elementor-column elementor-col-33 elementor-top-column elementor-element elementor-element-547727f\" data-id=\"547727f\" data-element_type=\"column\">\n\t\t\t<div class=\"elementor-column-wrap\">\n\t\t\t\t\t\t\t<div class=\"elementor-widget-wrap\">\n\t\t\t\t\t\t\t\t<\/div>\n\t\t\t\t\t<\/div>\n\t\t<\/div>\n\t\t\t\t<div class=\"elementor-column elementor-col-33 elementor-top-column elementor-element elementor-element-de7a728\" data-id=\"de7a728\" data-element_type=\"column\">\n\t\t\t<div class=\"elementor-column-wrap elementor-element-populated\">\n\t\t\t\t\t\t\t<div class=\"elementor-widget-wrap\">\n\t\t\t\t\t\t<div class=\"elementor-element elementor-element-3a100f0 elementor-align-center elementor-widget elementor-widget-button\" data-id=\"3a100f0\" data-element_type=\"widget\" data-widget_type=\"button.default\">\n\t\t\t\t<div class=\"elementor-widget-container\">\n\t\t\t\t\t<div class=\"elementor-button-wrapper\">\n\t\t\t<a href=\"https:\/\/consorcioaa.com\/saneamiento\/\" target=\"_blank\" class=\"elementor-button-link elementor-button elementor-size-sm elementor-animation-skew-forward\" role=\"button\">\n\t\t\t\t\t\t<span class=\"elementor-button-content-wrapper\">\n\t\t\t\t\t\t<span class=\"elementor-button-icon elementor-align-icon-left\">\n\t\t\t\t<i aria-hidden=\"true\" class=\"fas fa-info\"><\/i>\t\t\t<\/span>\n\t\t\t\t\t\t<span class=\"elementor-button-text\">M\u00e1s Informaci\u00f3n<\/span>\n\t\t<\/span>\n\t\t\t\t\t<\/a>\n\t\t<\/div>\n\t\t\t\t<\/div>\n\t\t\t\t<\/div>\n\t\t\t\t\t\t<\/div>\n\t\t\t\t\t<\/div>\n\t\t<\/div>\n\t\t\t\t<div class=\"elementor-column elementor-col-33 elementor-top-column elementor-element elementor-element-6508f1d\" data-id=\"6508f1d\" data-element_type=\"column\">\n\t\t\t<div class=\"elementor-column-wrap\">\n\t\t\t\t\t\t\t<div class=\"elementor-widget-wrap\">\n\t\t\t\t\t\t\t\t<\/div>\n\t\t\t\t\t<\/div>\n\t\t<\/div>\n\t\t\t\t\t\t\t\t<\/div>\n\t\t\t\t\t<\/div>\n\t\t<\/section>\n\t\t\t\t\t\t<\/div>\n\t\t\t\t\t\t<\/div>\n\t\t\t\t\t<\/div>\n\t\t","protected":false},"excerpt":{"rendered":"<p>Sistemas de Saneamiento Principales El saneamiento incluye los servicios de recogida de aguas residuales y su depuraci\u00f3n. El primero comprende las funciones de evacuaci\u00f3n y transporte de aguas residuales y pluviales y su incorporaci\u00f3n a los colectores interceptores generales existentes en el Principado de Asturias. El segundo la depuraci\u00f3n y vertido final a los medios [&hellip;]<\/p>\n","protected":false},"author":3,"featured_media":0,"parent":656,"menu_order":1,"comment_status":"closed","ping_status":"closed","template":"elementor_header_footer","meta":[],"yoast_head":"<!-- This site is optimized with the Yoast SEO plugin v18.3 - https:\/\/yoast.com\/wordpress\/plugins\/seo\/ -->\r\n<title>Saneamiento -<\/title>\r\n<meta name=\"robots\" content=\"index, follow, max-snippet:-1, max-image-preview:large, max-video-preview:-1\" \/>\r\n<link rel=\"canonical\" href=\"http:\/\/medioambiente.llanera.es\/?page_id=1949\" \/>\r\n<meta property=\"og:locale\" content=\"es_ES\" \/>\r\n<meta property=\"og:type\" content=\"article\" \/>\r\n<meta property=\"og:title\" content=\"Saneamiento -\" \/>\r\n<meta property=\"og:description\" content=\"Sistemas de Saneamiento Principales El saneamiento incluye los servicios de recogida de aguas residuales y su depuraci\u00f3n. El primero comprende las funciones de evacuaci\u00f3n y transporte de aguas residuales y pluviales y su incorporaci\u00f3n a los colectores interceptores generales existentes en el Principado de Asturias. El segundo la depuraci\u00f3n y vertido final a los medios [&hellip;]\" \/>\r\n<meta property=\"og:url\" content=\"http:\/\/medioambiente.llanera.es\/?page_id=1949\" \/>\r\n<meta property=\"article:modified_time\" content=\"2021-03-08T11:16:53+00:00\" \/>\r\n<meta property=\"og:image\" content=\"http:\/\/medioambiente.llanera.es\/wp-content\/uploads\/2021\/03\/saneamiento-1-1024x728.jpg\" \/>\r\n<meta name=\"twitter:card\" content=\"summary_large_image\" \/>\r\n<meta name=\"twitter:label1\" content=\"Tiempo de lectura\" \/>\n\t<meta name=\"twitter:data1\" content=\"2 minutos\" \/>\r\n<script type=\"application\/ld+json\" class=\"yoast-schema-graph\">{\"@context\":\"https:\/\/schema.org\",\"@graph\":[{\"@type\":\"Organization\",\"@id\":\"http:\/\/medioambiente.llanera.es\/#organization\",\"name\":\"Ayuntamiento de Llanera\",\"url\":\"http:\/\/medioambiente.llanera.es\/\",\"sameAs\":[],\"logo\":{\"@type\":\"ImageObject\",\"@id\":\"http:\/\/medioambiente.llanera.es\/#logo\",\"inLanguage\":\"es\",\"url\":\"http:\/\/medioambiente.llanera.es\/wp-content\/uploads\/2021\/05\/escudop1.jpg\",\"contentUrl\":\"http:\/\/medioambiente.llanera.es\/wp-content\/uploads\/2021\/05\/escudop1.jpg\",\"width\":200,\"height\":150,\"caption\":\"Ayuntamiento de Llanera\"},\"image\":{\"@id\":\"http:\/\/medioambiente.llanera.es\/#logo\"}},{\"@type\":\"WebSite\",\"@id\":\"http:\/\/medioambiente.llanera.es\/#website\",\"url\":\"http:\/\/medioambiente.llanera.es\/\",\"name\":\"\",\"description\":\"\",\"publisher\":{\"@id\":\"http:\/\/medioambiente.llanera.es\/#organization\"},\"potentialAction\":[{\"@type\":\"SearchAction\",\"target\":{\"@type\":\"EntryPoint\",\"urlTemplate\":\"http:\/\/medioambiente.llanera.es\/?s={search_term_string}\"},\"query-input\":\"required name=search_term_string\"}],\"inLanguage\":\"es\"},{\"@type\":\"ImageObject\",\"@id\":\"http:\/\/medioambiente.llanera.es\/?page_id=1949#primaryimage\",\"inLanguage\":\"es\",\"url\":\"http:\/\/medioambiente.llanera.es\/wp-content\/uploads\/2021\/03\/saneamiento-1.jpg\",\"contentUrl\":\"http:\/\/medioambiente.llanera.es\/wp-content\/uploads\/2021\/03\/saneamiento-1.jpg\",\"width\":1280,\"height\":910},{\"@type\":\"WebPage\",\"@id\":\"http:\/\/medioambiente.llanera.es\/?page_id=1949#webpage\",\"url\":\"http:\/\/medioambiente.llanera.es\/?page_id=1949\",\"name\":\"Saneamiento -\",\"isPartOf\":{\"@id\":\"http:\/\/medioambiente.llanera.es\/#website\"},\"primaryImageOfPage\":{\"@id\":\"http:\/\/medioambiente.llanera.es\/?page_id=1949#primaryimage\"},\"datePublished\":\"2021-02-09T18:31:25+00:00\",\"dateModified\":\"2021-03-08T11:16:53+00:00\",\"breadcrumb\":{\"@id\":\"http:\/\/medioambiente.llanera.es\/?page_id=1949#breadcrumb\"},\"inLanguage\":\"es\",\"potentialAction\":[{\"@type\":\"ReadAction\",\"target\":[\"http:\/\/medioambiente.llanera.es\/?page_id=1949\"]}]},{\"@type\":\"BreadcrumbList\",\"@id\":\"http:\/\/medioambiente.llanera.es\/?page_id=1949#breadcrumb\",\"itemListElement\":[{\"@type\":\"ListItem\",\"position\":1,\"name\":\"Portada\",\"item\":\"http:\/\/medioambiente.llanera.es\/\"},{\"@type\":\"ListItem\",\"position\":2,\"name\":\"Agua\",\"item\":\"http:\/\/medioambiente.llanera.es\/?page_id=656\"},{\"@type\":\"ListItem\",\"position\":3,\"name\":\"Saneamiento\"}]}]}<\/script>\r\n<!-- \/ Yoast SEO plugin. -->","yoast_head_json":{"title":"Saneamiento -","robots":{"index":"index","follow":"follow","max-snippet":"max-snippet:-1","max-image-preview":"max-image-preview:large","max-video-preview":"max-video-preview:-1"},"canonical":"http:\/\/medioambiente.llanera.es\/?page_id=1949","og_locale":"es_ES","og_type":"article","og_title":"Saneamiento -","og_description":"Sistemas de Saneamiento Principales El saneamiento incluye los servicios de recogida de aguas residuales y su depuraci\u00f3n. El primero comprende las funciones de evacuaci\u00f3n y transporte de aguas residuales y pluviales y su incorporaci\u00f3n a los colectores interceptores generales existentes en el Principado de Asturias. El segundo la depuraci\u00f3n y vertido final a los medios [&hellip;]","og_url":"http:\/\/medioambiente.llanera.es\/?page_id=1949","article_modified_time":"2021-03-08T11:16:53+00:00","og_image":[{"url":"http:\/\/medioambiente.llanera.es\/wp-content\/uploads\/2021\/03\/saneamiento-1-1024x728.jpg"}],"twitter_card":"summary_large_image","twitter_misc":{"Tiempo de lectura":"2 minutos"},"schema":{"@context":"https:\/\/schema.org","@graph":[{"@type":"Organization","@id":"http:\/\/medioambiente.llanera.es\/#organization","name":"Ayuntamiento de Llanera","url":"http:\/\/medioambiente.llanera.es\/","sameAs":[],"logo":{"@type":"ImageObject","@id":"http:\/\/medioambiente.llanera.es\/#logo","inLanguage":"es","url":"http:\/\/medioambiente.llanera.es\/wp-content\/uploads\/2021\/05\/escudop1.jpg","contentUrl":"http:\/\/medioambiente.llanera.es\/wp-content\/uploads\/2021\/05\/escudop1.jpg","width":200,"height":150,"caption":"Ayuntamiento de Llanera"},"image":{"@id":"http:\/\/medioambiente.llanera.es\/#logo"}},{"@type":"WebSite","@id":"http:\/\/medioambiente.llanera.es\/#website","url":"http:\/\/medioambiente.llanera.es\/","name":"","description":"","publisher":{"@id":"http:\/\/medioambiente.llanera.es\/#organization"},"potentialAction":[{"@type":"SearchAction","target":{"@type":"EntryPoint","urlTemplate":"http:\/\/medioambiente.llanera.es\/?s={search_term_string}"},"query-input":"required name=search_term_string"}],"inLanguage":"es"},{"@type":"ImageObject","@id":"http:\/\/medioambiente.llanera.es\/?page_id=1949#primaryimage","inLanguage":"es","url":"http:\/\/medioambiente.llanera.es\/wp-content\/uploads\/2021\/03\/saneamiento-1.jpg","contentUrl":"http:\/\/medioambiente.llanera.es\/wp-content\/uploads\/2021\/03\/saneamiento-1.jpg","width":1280,"height":910},{"@type":"WebPage","@id":"http:\/\/medioambiente.llanera.es\/?page_id=1949#webpage","url":"http:\/\/medioambiente.llanera.es\/?page_id=1949","name":"Saneamiento -","isPartOf":{"@id":"http:\/\/medioambiente.llanera.es\/#website"},"primaryImageOfPage":{"@id":"http:\/\/medioambiente.llanera.es\/?page_id=1949#primaryimage"},"datePublished":"2021-02-09T18:31:25+00:00","dateModified":"2021-03-08T11:16:53+00:00","breadcrumb":{"@id":"http:\/\/medioambiente.llanera.es\/?page_id=1949#breadcrumb"},"inLanguage":"es","potentialAction":[{"@type":"ReadAction","target":["http:\/\/medioambiente.llanera.es\/?page_id=1949"]}]},{"@type":"BreadcrumbList","@id":"http:\/\/medioambiente.llanera.es\/?page_id=1949#breadcrumb","itemListElement":[{"@type":"ListItem","position":1,"name":"Portada","item":"http:\/\/medioambiente.llanera.es\/"},{"@type":"ListItem","position":2,"name":"Agua","item":"http:\/\/medioambiente.llanera.es\/?page_id=656"},{"@type":"ListItem","position":3,"name":"Saneamiento"}]}]}},"blog_post_layout_featured_media_urls":{"thumbnail":"","full":""},"categories_names":null,"comments_number":"0","wpmagazine_modules_lite_featured_media_urls":{"thumbnail":"","cvmm-medium":"","cvmm-medium-plus":"","cvmm-portrait":"","cvmm-medium-square":"","cvmm-large":"","cvmm-small":"","full":""},"_links":{"self":[{"href":"http:\/\/medioambiente.llanera.es\/index.php?rest_route=\/wp\/v2\/pages\/1949"}],"collection":[{"href":"http:\/\/medioambiente.llanera.es\/index.php?rest_route=\/wp\/v2\/pages"}],"about":[{"href":"http:\/\/medioambiente.llanera.es\/index.php?rest_route=\/wp\/v2\/types\/page"}],"author":[{"embeddable":true,"href":"http:\/\/medioambiente.llanera.es\/index.php?rest_route=\/wp\/v2\/users\/3"}],"replies":[{"embeddable":true,"href":"http:\/\/medioambiente.llanera.es\/index.php?rest_route=%2Fwp%2Fv2%2Fcomments&post=1949"}],"version-history":[{"count":10,"href":"http:\/\/medioambiente.llanera.es\/index.php?rest_route=\/wp\/v2\/pages\/1949\/revisions"}],"predecessor-version":[{"id":2629,"href":"http:\/\/medioambiente.llanera.es\/index.php?rest_route=\/wp\/v2\/pages\/1949\/revisions\/2629"}],"up":[{"embeddable":true,"href":"http:\/\/medioambiente.llanera.es\/index.php?rest_route=\/wp\/v2\/pages\/656"}],"wp:attachment":[{"href":"http:\/\/medioambiente.llanera.es\/index.php?rest_route=%2Fwp%2Fv2%2Fmedia&parent=1949"}],"curies":[{"name":"wp","href":"https:\/\/api.w.org\/{rel}","templated":true}]}}